{"id":3575,"date":"2024-09-30T05:15:54","date_gmt":"2024-09-30T05:15:54","guid":{"rendered":"http:\/\/localhost\/lottovibe\/?page_id=15"},"modified":"2025-11-11T10:22:12","modified_gmt":"2025-11-11T09:22:12","slug":"avis-juridique","status":"publish","type":"page","link":"https:\/\/winurhome.com\/fr\/avis-juridique\/","title":{"rendered":"Mentions l\u00e9gales"},"content":{"rendered":"<div data-elementor-type=\"wp-page\" data-elementor-id=\"3575\" class=\"elementor elementor-3575\" data-elementor-post-type=\"page\">\n\t\t\t\t<div class=\"elementor-element elementor-element-72a4f6a e-con-full e-flex e-con e-parent\" data-id=\"72a4f6a\" data-element_type=\"container\">\n\t\t<div class=\"elementor-element elementor-element-c375858 container mx-auto e-flex e-con-boxed e-con e-child\" data-id=\"c375858\" data-element_type=\"container\">\n\t\t\t\t\t<div class=\"e-con-inner\">\n\t\t\t\t<div class=\"elementor-element elementor-element-54c667c elementor-widget elementor-widget-text-editor\" data-id=\"54c667c\" data-element_type=\"widget\" data-no-translation=\"\" data-widget_type=\"text-editor.default\">\n\t\t\t\t\t\t\t\t\t<p>Le site winurhome.com est \u00e9dit\u00e9 par :<\/p><p><strong>YD PARTNERS LTD<\/strong><br \/>Soci\u00e9t\u00e9 de droit anglais (Private Limited Company)<br \/>Num\u00e9ro d&#8217;immatriculation : 16766570<br \/>Si\u00e8ge social : 71-75 Shelton Street, Covent Garden, London, United Kingdom, WC2H 9JQ<\/p><p><strong>Contact :<\/strong><br \/>Email : XXXMAIL<br \/>T\u00e9l\u00e9phone : XXXTEL<\/p><p><strong>Activit\u00e9 :<\/strong> Autres activit\u00e9s r\u00e9cr\u00e9atives et de loisirs non class\u00e9es ailleurs (code SIC 93290)<\/p><h2>\u00a0<\/h2><h2>H\u00e9bergement<\/h2><p>Le site est h\u00e9berg\u00e9 par :<\/p><p><strong>Hostinger International Ltd<\/strong><br \/>61 Lordou Vironos Street, 6023 Larnaca, Chypre<br \/>Site web : hostinger.com<\/p><h2>\u00a0<\/h2><h2>Propri\u00e9t\u00e9 intellectuelle<\/h2><p>L&#8217;ensemble des contenus pr\u00e9sents sur le site winurhome.com (textes, images, graphismes, logos, ic\u00f4nes, sons, logiciels) est la propri\u00e9t\u00e9 exclusive de YD PARTNERS LTD ou de ses partenaires, sauf mentions particuli\u00e8res.<\/p><p>Toute reproduction, repr\u00e9sentation, modification, publication, adaptation de tout ou partie des \u00e9l\u00e9ments du site, quel que soit le moyen ou le proc\u00e9d\u00e9 utilis\u00e9, est interdite, sauf autorisation \u00e9crite pr\u00e9alable de YD PARTNERS LTD.<\/p><h2>\u00a0<\/h2><h2>Donn\u00e9es personnelles<\/h2><p>Conform\u00e9ment au R\u00e8glement G\u00e9n\u00e9ral sur la Protection des Donn\u00e9es (RGPD) et au Data Protection Act 2018, vous disposez d&#8217;un droit d&#8217;acc\u00e8s, de rectification, de suppression et d&#8217;opposition aux donn\u00e9es personnelles vous concernant.<\/p><p>Pour exercer ces droits, vous pouvez nous contacter \u00e0 l&#8217;adresse : XXXMAIL<\/p><p><strong>Responsable du traitement des donn\u00e9es :<\/strong> YD PARTNERS LTD<\/p><h2>\u00a0<\/h2><h2>Cookies<\/h2><p>Le site winurhome.com utilise des cookies pour am\u00e9liorer l&#8217;exp\u00e9rience utilisateur, r\u00e9aliser des statistiques de visites et optimiser les fonctionnalit\u00e9s du site.<\/p><p><strong>Qu&#8217;est-ce qu&#8217;un cookie ?<\/strong><br \/>Un cookie est un petit fichier texte d\u00e9pos\u00e9 sur votre ordinateur lors de la visite d&#8217;un site web. Il permet de conserver des informations relatives \u00e0 votre navigation.<\/p><p><strong>Types de cookies utilis\u00e9s :<\/strong><\/p><ul><li>Cookies techniques n\u00e9cessaires au fonctionnement du site<\/li><li>Cookies de mesure d&#8217;audience et statistiques<\/li><li>Cookies de personnalisation de l&#8217;exp\u00e9rience utilisateur<\/li><\/ul><p><strong>Gestion des cookies :<\/strong><\/p><p>Vous pouvez \u00e0 tout moment choisir de d\u00e9sactiver les cookies depuis les param\u00e8tres de votre navigateur. Toutefois, la d\u00e9sactivation de certains cookies peut affecter le fonctionnement optimal du site.<\/p><p>Pour plus d&#8217;informations sur la gestion des cookies, vous pouvez consulter les sites :<\/p><ul><li><a href=\"http:\/\/www.aboutcookies.org\" target=\"_blank\" rel=\"noopener\">www.aboutcookies.org<\/a><\/li><li><a href=\"http:\/\/www.allaboutcookies.org\" target=\"_blank\" rel=\"noopener\">www.allaboutcookies.org<\/a><\/li><\/ul><h2>\u00a0<\/h2><h2>Droit applicable<\/h2><p>Les pr\u00e9sentes mentions l\u00e9gales sont soumises au droit anglais. Tout litige relatif \u00e0 l&#8217;utilisation du site winurhome.com sera soumis \u00e0 la comp\u00e9tence exclusive des tribunaux anglais.<\/p>\t\t\t\t\t\t\t\t<\/div>\n\t\t\t\t\t<\/div>\n\t\t\t\t<\/div>\n\t\t\t\t<\/div>\n\t\t\t\t<\/div>","protected":false},"excerpt":{"rendered":"<p>Le site winurhome.com est \u00e9dit\u00e9 par : YD PARTNERS LTD Private Limited Company de droit anglais Num\u00e9ro d'enregistrement : 16766570 Si\u00e8ge social : 71-75 Shelton Street, Covent Garden, Londres, Royaume-Uni, WC2H 9JQ Contact : Email : XXXMAIL T\u00e9l\u00e9phone : XXXTEL Activit\u00e9 : Autres activit\u00e9s de divertissement et de loisirs non class\u00e9es ailleurs (code SIC 93290) H\u00e9bergement Le site est h\u00e9berg\u00e9 par : Hostinger International...<\/p>","protected":false},"author":1,"featured_media":0,"parent":0,"menu_order":0,"comment_status":"closed","ping_status":"closed","template":"","meta":{"footnotes":""},"class_list":["post-3575","page","type-page","status-publish","hentry"],"_links":{"self":[{"href":"https:\/\/winurhome.com\/fr\/wp-json\/wp\/v2\/pages\/3575","targetHints":{"allow":["GET"]}}],"collection":[{"href":"https:\/\/winurhome.com\/fr\/wp-json\/wp\/v2\/pages"}],"about":[{"href":"https:\/\/winurhome.com\/fr\/wp-json\/wp\/v2\/types\/page"}],"author":[{"embeddable":true,"href":"https:\/\/winurhome.com\/fr\/wp-json\/wp\/v2\/users\/1"}],"replies":[{"embeddable":true,"href":"https:\/\/winurhome.com\/fr\/wp-json\/wp\/v2\/comments?post=3575"}],"version-history":[{"count":22,"href":"https:\/\/winurhome.com\/fr\/wp-json\/wp\/v2\/pages\/3575\/revisions"}],"predecessor-version":[{"id":4076,"href":"https:\/\/winurhome.com\/fr\/wp-json\/wp\/v2\/pages\/3575\/revisions\/4076"}],"wp:attachment":[{"href":"https:\/\/winurhome.com\/fr\/wp-json\/wp\/v2\/media?parent=3575"}],"curies":[{"name":"wp","href":"https:\/\/api.w.org\/{rel}","templated":true}]}}