{"id":24,"date":"2024-09-30T05:21:55","date_gmt":"2024-09-30T05:21:55","guid":{"rendered":"http:\/\/localhost\/lottovibe\/?page_id=24"},"modified":"2025-10-19T12:28:28","modified_gmt":"2025-10-19T10:28:28","slug":"grille-de-blog","status":"publish","type":"page","link":"https:\/\/winurhome.com\/fr\/grille-de-blog\/","title":{"rendered":"Grille de blogs"},"content":{"rendered":"<div data-elementor-type=\"wp-page\" data-elementor-id=\"24\" class=\"elementor elementor-24\" data-elementor-post-type=\"page\">\n\t\t\t\t<div class=\"elementor-element elementor-element-0425f56 e-con-full e-flex e-con e-parent\" data-id=\"0425f56\" data-element_type=\"container\">\n\t\t<div class=\"elementor-element elementor-element-2618ef5 container mx-auto e-flex e-con-boxed e-con e-child\" data-id=\"2618ef5\" data-element_type=\"container\">\n\t\t\t\t\t<div class=\"e-con-inner\">\n\t\t\n\n\t\t<div class=\"elementor-element elementor-element-7fc81d1 elementor-grid-2 elementor-grid-tablet-2 elementor-grid-mobile-1 elementor-posts--thumbnail-top elementor-card-shadow-yes elementor-posts__hover-gradient elementor-widget elementor-widget-posts\" data-id=\"7fc81d1\" data-element_type=\"widget\" data-settings=\"{&quot;cards_columns&quot;:&quot;2&quot;,&quot;pagination_type&quot;:&quot;numbers&quot;,&quot;cards_columns_tablet&quot;:&quot;2&quot;,&quot;cards_columns_mobile&quot;:&quot;1&quot;,&quot;cards_row_gap&quot;:{&quot;unit&quot;:&quot;px&quot;,&quot;size&quot;:35,&quot;sizes&quot;:[]},&quot;cards_row_gap_laptop&quot;:{&quot;unit&quot;:&quot;px&quot;,&quot;size&quot;:&quot;&quot;,&quot;sizes&quot;:[]},&quot;cards_row_gap_tablet&quot;:{&quot;unit&quot;:&quot;px&quot;,&quot;size&quot;:&quot;&quot;,&quot;sizes&quot;:[]},&quot;cards_row_gap_mobile&quot;:{&quot;unit&quot;:&quot;px&quot;,&quot;size&quot;:&quot;&quot;,&quot;sizes&quot;:[]}}\" data-widget_type=\"posts.cards\">\n\t\t\t\t<div class=\"elementor-widget-container\">\n\t\t\t\t\t\t\t<div class=\"elementor-posts-container elementor-posts elementor-posts--skin-cards elementor-grid\">\n\t\t\t\t<article class=\"elementor-post elementor-grid-item post-3708 post type-post status-publish format-standard has-post-thumbnail hentry category-articles\">\n\t\t\t<div class=\"elementor-post__card\">\n\t\t\t\t<a class=\"elementor-post__thumbnail__link\" href=\"https:\/\/winurhome.com\/fr\/comment-fonctionne-un-tirage-au-sort-de-biens-immobiliers\/\" tabindex=\"-1\" ><div class=\"elementor-post__thumbnail\"><img fetchpriority=\"high\" decoding=\"async\" width=\"300\" height=\"300\" src=\"https:\/\/winurhome.com\/wp-content\/uploads\/2025\/10\/Comment-Fonctionne-un-Jeu-Concours-Immobilier-300x300.png\" class=\"attachment-medium size-medium wp-image-3710\" alt=\"\" srcset=\"https:\/\/winurhome.com\/wp-content\/uploads\/2025\/10\/Comment-Fonctionne-un-Jeu-Concours-Immobilier-300x300.png 300w, https:\/\/winurhome.com\/wp-content\/uploads\/2025\/10\/Comment-Fonctionne-un-Jeu-Concours-Immobilier-150x150.png 150w, https:\/\/winurhome.com\/wp-content\/uploads\/2025\/10\/Comment-Fonctionne-un-Jeu-Concours-Immobilier-768x768.png 768w, https:\/\/winurhome.com\/wp-content\/uploads\/2025\/10\/Comment-Fonctionne-un-Jeu-Concours-Immobilier-600x600.png 600w, https:\/\/winurhome.com\/wp-content\/uploads\/2025\/10\/Comment-Fonctionne-un-Jeu-Concours-Immobilier-100x100.png 100w, https:\/\/winurhome.com\/wp-content\/uploads\/2025\/10\/Comment-Fonctionne-un-Jeu-Concours-Immobilier.png 1024w\" sizes=\"(max-width: 300px) 100vw, 300px\" \/><\/div><\/a>\n\t\t\t\t<div class=\"elementor-post__badge\">Articles<\/div>\n\t\t\t\t<div class=\"elementor-post__text\">\n\t\t\t\t<h3 class=\"elementor-post__title\">\n\t\t\t<a href=\"https:\/\/winurhome.com\/fr\/comment-fonctionne-un-tirage-au-sort-de-biens-immobiliers\/\" >\n\t\t\t\tComment fonctionne le tirage au sort d'un bien immobilier ?\t\t\t<\/a>\n\t\t<\/h3>\n\t\t\t\t<div class=\"elementor-post__excerpt\">\n\t\t\t<p>Face \u00e0 un march\u00e9 immobilier complexe, de nouvelles solutions \u00e9mergent pour rendre l'accession \u00e0 la propri\u00e9t\u00e9 plus accessible. Parmi elles, la tombola immobili\u00e8re se pr\u00e9sente comme un moyen de faciliter l'acc\u00e8s \u00e0 la propri\u00e9t\u00e9.<\/p>\n\t\t<\/div>\n\t\t\n\t\t<a class=\"elementor-post__read-more\" href=\"https:\/\/winurhome.com\/fr\/comment-fonctionne-un-tirage-au-sort-de-biens-immobiliers\/\" aria-label=\"En savoir plus sur le fonctionnement du tirage au sort d&#039;un bien immobilier\" tabindex=\"-1\" >\n\t\t\tLire plus \u00bb\t\t<\/a>\n\n\t\t\t\t<\/div>\n\t\t\t\t\t<\/div>\n\t\t<\/article>\n\t\t\t\t<article class=\"elementor-post elementor-grid-item post-3695 post type-post status-publish format-standard has-post-thumbnail hentry category-articles\">\n\t\t\t<div class=\"elementor-post__card\">\n\t\t\t\t<a class=\"elementor-post__thumbnail__link\" href=\"https:\/\/winurhome.com\/fr\/limmobilier-accessible-une-nouvelle-tendance-en-2025\/\" tabindex=\"-1\" ><div class=\"elementor-post__thumbnail\"><img decoding=\"async\" width=\"300\" height=\"300\" src=\"https:\/\/winurhome.com\/wp-content\/uploads\/2025\/10\/L-Immobilier-Accessible-Une-Nouvelle-Tendance-en-2025-300x300.png\" class=\"attachment-medium size-medium wp-image-3698\" alt=\"\" srcset=\"https:\/\/winurhome.com\/wp-content\/uploads\/2025\/10\/L-Immobilier-Accessible-Une-Nouvelle-Tendance-en-2025-300x300.png 300w, https:\/\/winurhome.com\/wp-content\/uploads\/2025\/10\/L-Immobilier-Accessible-Une-Nouvelle-Tendance-en-2025-150x150.png 150w, https:\/\/winurhome.com\/wp-content\/uploads\/2025\/10\/L-Immobilier-Accessible-Une-Nouvelle-Tendance-en-2025-768x768.png 768w, https:\/\/winurhome.com\/wp-content\/uploads\/2025\/10\/L-Immobilier-Accessible-Une-Nouvelle-Tendance-en-2025-600x600.png 600w, https:\/\/winurhome.com\/wp-content\/uploads\/2025\/10\/L-Immobilier-Accessible-Une-Nouvelle-Tendance-en-2025-100x100.png 100w, https:\/\/winurhome.com\/wp-content\/uploads\/2025\/10\/L-Immobilier-Accessible-Une-Nouvelle-Tendance-en-2025.png 1024w\" sizes=\"(max-width: 300px) 100vw, 300px\" \/><\/div><\/a>\n\t\t\t\t<div class=\"elementor-post__badge\">Articles<\/div>\n\t\t\t\t<div class=\"elementor-post__text\">\n\t\t\t\t<h3 class=\"elementor-post__title\">\n\t\t\t<a href=\"https:\/\/winurhome.com\/fr\/limmobilier-accessible-une-nouvelle-tendance-en-2025\/\" >\n\t\t\t\tPropri\u00e9t\u00e9 accessible : Une nouvelle tendance en 2025\t\t\t<\/a>\n\t\t<\/h3>\n\t\t\t\t<div class=\"elementor-post__excerpt\">\n\t\t\t<p>Le r\u00eave de poss\u00e9der sa propre maison est profond\u00e9ment ancr\u00e9 dans la culture fran\u00e7aise. C'est un symbole de stabilit\u00e9, de r\u00e9ussite et de constitution d'un patrimoine. Pourtant, pour plusieurs<\/p>\n\t\t<\/div>\n\t\t\n\t\t<a class=\"elementor-post__read-more\" href=\"https:\/\/winurhome.com\/fr\/limmobilier-accessible-une-nouvelle-tendance-en-2025\/\" aria-label=\"En savoir plus sur l&#039;accessibilit\u00e9 des biens immobiliers : Une nouvelle tendance en 2025\" tabindex=\"-1\" >\n\t\t\tLire plus \u00bb\t\t<\/a>\n\n\t\t\t\t<\/div>\n\t\t\t\t\t<\/div>\n\t\t<\/article>\n\t\t\t\t<\/div>\n\t\t\n\t\t\t\t\t\t<\/div>\n\t\t\t\t<\/div>\n\t\t\t\t\t<\/div>\n\t\t\t\t<\/div>\n\t\t\t\t<\/div>\n\t\t\t\t<\/div>","protected":false},"excerpt":{"rendered":"","protected":false},"author":1,"featured_media":0,"parent":0,"menu_order":0,"comment_status":"closed","ping_status":"closed","template":"","meta":{"footnotes":""},"class_list":["post-24","page","type-page","status-publish","hentry"],"_links":{"self":[{"href":"https:\/\/winurhome.com\/fr\/wp-json\/wp\/v2\/pages\/24","targetHints":{"allow":["GET"]}}],"collection":[{"href":"https:\/\/winurhome.com\/fr\/wp-json\/wp\/v2\/pages"}],"about":[{"href":"https:\/\/winurhome.com\/fr\/wp-json\/wp\/v2\/types\/page"}],"author":[{"embeddable":true,"href":"https:\/\/winurhome.com\/fr\/wp-json\/wp\/v2\/users\/1"}],"replies":[{"embeddable":true,"href":"https:\/\/winurhome.com\/fr\/wp-json\/wp\/v2\/comments?post=24"}],"version-history":[{"count":9,"href":"https:\/\/winurhome.com\/fr\/wp-json\/wp\/v2\/pages\/24\/revisions"}],"predecessor-version":[{"id":3722,"href":"https:\/\/winurhome.com\/fr\/wp-json\/wp\/v2\/pages\/24\/revisions\/3722"}],"wp:attachment":[{"href":"https:\/\/winurhome.com\/fr\/wp-json\/wp\/v2\/media?parent=24"}],"curies":[{"name":"wp","href":"https:\/\/api.w.org\/{rel}","templated":true}]}}